{"id":416,"date":"2022-02-08T15:34:08","date_gmt":"2022-02-08T15:34:08","guid":{"rendered":"https:\/\/grupoplus.com.ar\/protection-now\/?page_id=416"},"modified":"2022-10-27T20:15:37","modified_gmt":"2022-10-27T20:15:37","slug":"soporte","status":"publish","type":"page","link":"https:\/\/grupoplus.com.ar\/protection-now\/soporte\/","title":{"rendered":"Soporte CO24"},"content":{"rendered":"\t\t<div data-elementor-type=\"wp-page\" data-elementor-id=\"416\" class=\"elementor elementor-416\">\n\t\t\t\t\t\t<div class=\"elementor-section elementor-top-section elementor-element elementor-element-abbb42f dsvy-bg-color-yes dsvy-elementor-bg-color-white dsvy-col-stretched-none dsvy-bg-color-over-image elementor-section-boxed elementor-section-height-default elementor-section-height-default\" data-id=\"abbb42f\" data-element_type=\"section\">\n\t\t\t\t\t\t<div class=\"elementor-container elementor-column-gap-default\">\n\t\t\t\t\t<div class=\"elementor-column elementor-col-50 elementor-top-column elementor-element elementor-element-b017a3c dsvy-bg-color-over-image\" data-id=\"b017a3c\" data-element_type=\"column\">\n\t\t\t<div class=\"elementor-widget-wrap elementor-element-populated\">\n\t\t\t\t\t\t<div class=\"elementor-element elementor-element-30fde85 elementor-widget elementor-widget-dsvy_heading\" data-id=\"30fde85\" data-element_type=\"widget\" data-widget_type=\"dsvy_heading.default\">\n\t\t\t\t<div class=\"elementor-widget-container\">\n\t\t\t\t\t\t<div class=\"dsvy-heading-subheading -align dsvy-reverse-heading-yes\"><h4 class=\"dsvy-element-subtitle\">\n\t\t\t\n\t\t\t\tProtection Now\n\t\t\t\n\t\t\t<\/h4>\n\t\t<h2 class=\"dsvy-element-title\">\n\t\t\t\n\t\t\t\tCentral de Operaciones 24 horas\n\t\t\t\n\t\t\t<\/h2>\n\t\t<\/div>\t\t\t\t<\/div>\n\t\t\t\t<\/div>\n\t\t\t\t<div class=\"elementor-element elementor-element-2bf3e55 elementor-widget elementor-widget-text-editor\" data-id=\"2bf3e55\" data-element_type=\"widget\" data-widget_type=\"text-editor.default\">\n\t\t\t\t<div class=\"elementor-widget-container\">\n\t\t\t\t\t\t\t\t\t<p>Grupo Plus posee una Central de Operaciones que trabaja para sus clientes las 24hs durante los 365 d\u00edas del a\u00f1o. Bajo la modalidad de equipos de trabajo que act\u00faan en conjunto y a trav\u00e9s operadores responsables que asumen el<br \/>liderazgo del servicio con el objetivo fundamental de satisfacer al cliente,brindando protecci\u00f3n, minimizando y anticip\u00e1ndose\u00a0 as\u00ed a los riesgos. Basados en Manuales de Procedimientos Protocolares como eje fundamental para lograr la m\u00e1s alta eficiencia en este tipo de servicios.<\/p><p>Grupo Plus cubre los Servicios de Seguridad Electr\u00f3nica, F\u00edsica o Vigilancia y<br \/>Limpieza orientada principalmente Entidades Bancarias, Financieras,<br \/>Instituciones Comerciales, Industriales y Civiles. Como siempre poniendo a disposici\u00f3n de cada cliente una completa infraestructura, con una moderna Central de Operaciones, que funciona como eje operativo. Con esta cobertura nos encontramos en condiciones de ofrecer un servicio de excelencia para<br \/>nuestros clientes.<\/p>\t\t\t\t\t\t\t\t<\/div>\n\t\t\t\t<\/div>\n\t\t\t\t\t<\/div>\n\t\t<\/div>\n\t\t\t\t<div class=\"elementor-column elementor-col-50 elementor-top-column elementor-element elementor-element-b0e8f55 dsvy-bg-color-over-image\" data-id=\"b0e8f55\" data-element_type=\"column\">\n\t\t\t<div class=\"elementor-widget-wrap elementor-element-populated\">\n\t\t\t\t\t\t<section class=\"elementor-section elementor-inner-section elementor-element elementor-element-a15ab07 dsvy-col-stretched-none dsvy-bg-color-over-image elementor-section-boxed elementor-section-height-default elementor-section-height-default\" data-id=\"a15ab07\" data-element_type=\"section\">\n\t\t\t\t\t\t<div class=\"elementor-container elementor-column-gap-narrow\">\n\t\t\t\t\t<div class=\"elementor-column elementor-col-100 elementor-inner-column elementor-element elementor-element-bf0f375 dsvy-bg-color-over-image\" data-id=\"bf0f375\" data-element_type=\"column\">\n\t\t\t<div class=\"elementor-widget-wrap elementor-element-populated\">\n\t\t\t\t\t\t<div class=\"elementor-element elementor-element-4ff532a dsvy-responsive-imge-1 elementor-widget elementor-widget-image\" data-id=\"4ff532a\" data-element_type=\"widget\" data-widget_type=\"image.default\">\n\t\t\t\t<div class=\"elementor-widget-container\">\n\t\t\t\t\t\t\t\t\t\t\t\t\t\t\t<img fetchpriority=\"high\" decoding=\"async\" width=\"712\" height=\"997\" src=\"https:\/\/grupoplus.com.ar\/protection-now\/wp-content\/uploads\/sites\/2\/2022\/10\/soporte-OK.jpg\" class=\"attachment-full size-full wp-image-1052\" alt=\"\" srcset=\"https:\/\/grupoplus.com.ar\/protection-now\/wp-content\/uploads\/sites\/2\/2022\/10\/soporte-OK.jpg 712w, https:\/\/grupoplus.com.ar\/protection-now\/wp-content\/uploads\/sites\/2\/2022\/10\/soporte-OK-214x300.jpg 214w, https:\/\/grupoplus.com.ar\/protection-now\/wp-content\/uploads\/sites\/2\/2022\/10\/soporte-OK-500x700.jpg 500w\" sizes=\"(max-width: 712px) 100vw, 712px\" \/>\t\t\t\t\t\t\t\t\t\t\t\t\t\t\t<\/div>\n\t\t\t\t<\/div>\n\t\t\t\t\t<\/div>\n\t\t<\/div>\n\t\t\t\t\t<\/div>\n\t\t<\/section>\n\t\t\t\t\t<\/div>\n\t\t<\/div>\n\t\t\t\t\t<\/div>\n\t\t<\/div>\n\t\t\t\t<\/div>\n\t\t","protected":false},"excerpt":{"rendered":"<p>Protection Now Central de Operaciones 24 horas Grupo Plus posee una Central de Operaciones que trabaja para sus clientes las 24hs durante los 365 d\u00edas del a\u00f1o. Bajo la modalidad de equipos de trabajo que act\u00faan en conjunto y a trav\u00e9s operadores responsables que asumen elliderazgo del servicio con el objetivo fundamental de satisfacer al cliente,brindando protecci\u00f3n, minimizando y anticip\u00e1ndose\u00a0 as\u00ed a los riesgos. Basados en Manuales de Procedimientos Protocolares[&hellip;]<\/p>\n","protected":false},"author":1,"featured_media":0,"parent":0,"menu_order":4,"comment_status":"closed","ping_status":"closed","template":"elementor_header_footer","meta":{"_acf_changed":false,"footnotes":""},"class_list":["post-416","page","type-page","status-publish","hentry"],"acf":[],"_links":{"self":[{"href":"https:\/\/grupoplus.com.ar\/protection-now\/wp-json\/wp\/v2\/pages\/416","targetHints":{"allow":["GET"]}}],"collection":[{"href":"https:\/\/grupoplus.com.ar\/protection-now\/wp-json\/wp\/v2\/pages"}],"about":[{"href":"https:\/\/grupoplus.com.ar\/protection-now\/wp-json\/wp\/v2\/types\/page"}],"author":[{"embeddable":true,"href":"https:\/\/grupoplus.com.ar\/protection-now\/wp-json\/wp\/v2\/users\/1"}],"replies":[{"embeddable":true,"href":"https:\/\/grupoplus.com.ar\/protection-now\/wp-json\/wp\/v2\/comments?post=416"}],"version-history":[{"count":13,"href":"https:\/\/grupoplus.com.ar\/protection-now\/wp-json\/wp\/v2\/pages\/416\/revisions"}],"predecessor-version":[{"id":1055,"href":"https:\/\/grupoplus.com.ar\/protection-now\/wp-json\/wp\/v2\/pages\/416\/revisions\/1055"}],"wp:attachment":[{"href":"https:\/\/grupoplus.com.ar\/protection-now\/wp-json\/wp\/v2\/media?parent=416"}],"curies":[{"name":"wp","href":"https:\/\/api.w.org\/{rel}","templated":true}]}}