{"id":409,"date":"2022-02-08T15:27:03","date_gmt":"2022-02-08T15:27:03","guid":{"rendered":"https:\/\/grupoplus.com.ar\/protection-now\/?page_id=409"},"modified":"2022-10-27T20:01:18","modified_gmt":"2022-10-27T20:01:18","slug":"servicio-tecnico-y-mantenimiento","status":"publish","type":"page","link":"https:\/\/grupoplus.com.ar\/protection-now\/servicio-tecnico-y-mantenimiento\/","title":{"rendered":"Servicio T\u00e9cnico y Mantenimiento"},"content":{"rendered":"\t\t<div data-elementor-type=\"wp-page\" data-elementor-id=\"409\" class=\"elementor elementor-409\">\n\t\t\t\t\t\t<div class=\"elementor-section elementor-top-section elementor-element elementor-element-abbb42f dsvy-bg-color-yes dsvy-elementor-bg-color-white dsvy-col-stretched-none dsvy-bg-color-over-image elementor-section-boxed elementor-section-height-default elementor-section-height-default\" data-id=\"abbb42f\" data-element_type=\"section\">\n\t\t\t\t\t\t<div class=\"elementor-container elementor-column-gap-default\">\n\t\t\t\t\t<div class=\"elementor-column elementor-col-50 elementor-top-column elementor-element elementor-element-b017a3c dsvy-bg-color-over-image\" data-id=\"b017a3c\" data-element_type=\"column\">\n\t\t\t<div class=\"elementor-widget-wrap elementor-element-populated\">\n\t\t\t\t\t\t<div class=\"elementor-element elementor-element-30fde85 elementor-widget elementor-widget-dsvy_heading\" data-id=\"30fde85\" data-element_type=\"widget\" data-widget_type=\"dsvy_heading.default\">\n\t\t\t\t<div class=\"elementor-widget-container\">\n\t\t\t\t\t\t<div class=\"dsvy-heading-subheading -align dsvy-reverse-heading-yes\"><h4 class=\"dsvy-element-subtitle\">\n\t\t\t\n\t\t\t\tProtection Now\n\t\t\t\n\t\t\t<\/h4>\n\t\t<h2 class=\"dsvy-element-title\">\n\t\t\t\n\t\t\t\tSoluciones profesionales y oportunas a la medida de sus exigencias.\n\t\t\t\n\t\t\t<\/h2>\n\t\t<\/div>\t\t\t\t<\/div>\n\t\t\t\t<\/div>\n\t\t\t\t<div class=\"elementor-element elementor-element-2bf3e55 elementor-widget elementor-widget-text-editor\" data-id=\"2bf3e55\" data-element_type=\"widget\" data-widget_type=\"text-editor.default\">\n\t\t\t\t<div class=\"elementor-widget-container\">\n\t\t\t\t\t\t\t\t\t<p><strong>Ponemos a disposici\u00f3n toda nuestra experiencia y saber para mantener sus sistemas de seguridad electronica en \u00f3ptimo funcionamiento, siendo este un aspecto tan importante como las instancias de dise\u00f1o e instalaci\u00f3n.<\/strong><\/p><p>Nuestras soluciones involucran la atenci\u00f3n a siistemas de videovigilancia, detecci\u00f3n y extinci\u00f3n de incendios, control de accesos y detecci\u00f3n de intrusiones.<\/p><p>Trabajamos acompa\u00f1ando la gesti\u00f3n y mantenimiento de complejas redes de seguridad en organizaciones y empresas de distintos sectores, as\u00ed como en el caso de sistemas electr\u00f3nicos de seguridad dom\u00e9stica que resguardan el bienestar de familias y hogares unipersonales.<\/p><p>\u00a0<\/p>\t\t\t\t\t\t\t\t<\/div>\n\t\t\t\t<\/div>\n\t\t\t\t\t<\/div>\n\t\t<\/div>\n\t\t\t\t<div class=\"elementor-column elementor-col-50 elementor-top-column elementor-element elementor-element-b0e8f55 dsvy-bg-color-over-image\" data-id=\"b0e8f55\" data-element_type=\"column\">\n\t\t\t<div class=\"elementor-widget-wrap elementor-element-populated\">\n\t\t\t\t\t\t<section class=\"elementor-section elementor-inner-section elementor-element elementor-element-a15ab07 dsvy-col-stretched-none dsvy-bg-color-over-image elementor-section-boxed elementor-section-height-default elementor-section-height-default\" data-id=\"a15ab07\" data-element_type=\"section\">\n\t\t\t\t\t\t<div class=\"elementor-container elementor-column-gap-narrow\">\n\t\t\t\t\t<div class=\"elementor-column elementor-col-100 elementor-inner-column elementor-element elementor-element-bf0f375 dsvy-bg-color-over-image\" data-id=\"bf0f375\" data-element_type=\"column\">\n\t\t\t<div class=\"elementor-widget-wrap elementor-element-populated\">\n\t\t\t\t\t\t<div class=\"elementor-element elementor-element-4ff532a dsvy-responsive-imge-1 elementor-widget elementor-widget-image\" data-id=\"4ff532a\" data-element_type=\"widget\" data-widget_type=\"image.default\">\n\t\t\t\t<div class=\"elementor-widget-container\">\n\t\t\t\t\t\t\t\t\t\t\t\t\t\t\t<img fetchpriority=\"high\" decoding=\"async\" width=\"712\" height=\"997\" src=\"https:\/\/grupoplus.com.ar\/protection-now\/wp-content\/uploads\/sites\/2\/2022\/10\/servici-tecnico-2-OK.jpg\" class=\"attachment-full size-full wp-image-1048\" alt=\"\" srcset=\"https:\/\/grupoplus.com.ar\/protection-now\/wp-content\/uploads\/sites\/2\/2022\/10\/servici-tecnico-2-OK.jpg 712w, https:\/\/grupoplus.com.ar\/protection-now\/wp-content\/uploads\/sites\/2\/2022\/10\/servici-tecnico-2-OK-214x300.jpg 214w, https:\/\/grupoplus.com.ar\/protection-now\/wp-content\/uploads\/sites\/2\/2022\/10\/servici-tecnico-2-OK-500x700.jpg 500w\" sizes=\"(max-width: 712px) 100vw, 712px\" \/>\t\t\t\t\t\t\t\t\t\t\t\t\t\t\t<\/div>\n\t\t\t\t<\/div>\n\t\t\t\t\t<\/div>\n\t\t<\/div>\n\t\t\t\t\t<\/div>\n\t\t<\/section>\n\t\t\t\t\t<\/div>\n\t\t<\/div>\n\t\t\t\t\t<\/div>\n\t\t<\/div>\n\t\t\t\t<\/div>\n\t\t","protected":false},"excerpt":{"rendered":"<p>Protection Now Soluciones profesionales y oportunas a la medida de sus exigencias. Ponemos a disposici\u00f3n toda nuestra experiencia y saber para mantener sus sistemas de seguridad electronica en \u00f3ptimo funcionamiento, siendo este un aspecto tan importante como las instancias de dise\u00f1o e instalaci\u00f3n. Nuestras soluciones involucran la atenci\u00f3n a siistemas de videovigilancia, detecci\u00f3n y extinci\u00f3n de incendios, control de accesos y detecci\u00f3n de intrusiones. Trabajamos acompa\u00f1ando la gesti\u00f3n y mantenimiento[&hellip;]<\/p>\n","protected":false},"author":1,"featured_media":0,"parent":0,"menu_order":4,"comment_status":"closed","ping_status":"closed","template":"elementor_header_footer","meta":{"_acf_changed":false,"footnotes":""},"class_list":["post-409","page","type-page","status-publish","hentry"],"acf":[],"_links":{"self":[{"href":"https:\/\/grupoplus.com.ar\/protection-now\/wp-json\/wp\/v2\/pages\/409","targetHints":{"allow":["GET"]}}],"collection":[{"href":"https:\/\/grupoplus.com.ar\/protection-now\/wp-json\/wp\/v2\/pages"}],"about":[{"href":"https:\/\/grupoplus.com.ar\/protection-now\/wp-json\/wp\/v2\/types\/page"}],"author":[{"embeddable":true,"href":"https:\/\/grupoplus.com.ar\/protection-now\/wp-json\/wp\/v2\/users\/1"}],"replies":[{"embeddable":true,"href":"https:\/\/grupoplus.com.ar\/protection-now\/wp-json\/wp\/v2\/comments?post=409"}],"version-history":[{"count":16,"href":"https:\/\/grupoplus.com.ar\/protection-now\/wp-json\/wp\/v2\/pages\/409\/revisions"}],"predecessor-version":[{"id":1051,"href":"https:\/\/grupoplus.com.ar\/protection-now\/wp-json\/wp\/v2\/pages\/409\/revisions\/1051"}],"wp:attachment":[{"href":"https:\/\/grupoplus.com.ar\/protection-now\/wp-json\/wp\/v2\/media?parent=409"}],"curies":[{"name":"wp","href":"https:\/\/api.w.org\/{rel}","templated":true}]}}