{"id":59,"date":"2020-05-30T03:47:46","date_gmt":"2020-05-30T03:47:46","guid":{"rendered":"http:\/\/digicop.designervily.com\/demo1\/?page_id=12661"},"modified":"2022-09-05T23:54:45","modified_gmt":"2022-09-05T23:54:45","slug":"nosotros","status":"publish","type":"page","link":"https:\/\/grupoplus.com.ar\/limcorp\/nosotros\/","title":{"rendered":"Nosotros"},"content":{"rendered":"\t\t<div data-elementor-type=\"wp-page\" data-elementor-id=\"59\" class=\"elementor elementor-59\">\n\t\t\t\t\t\t<div class=\"elementor-section elementor-top-section elementor-element elementor-element-13131ef dsvy-bg-color-yes dsvy-elementor-bg-color-white dsvy-col-stretched-none dsvy-bg-color-over-image elementor-section-boxed elementor-section-height-default elementor-section-height-default\" data-id=\"13131ef\" data-element_type=\"section\">\n\t\t\t\t\t\t<div class=\"elementor-container elementor-column-gap-default\">\n\t\t\t\t\t<div class=\"elementor-column elementor-col-50 elementor-top-column elementor-element elementor-element-57cb321 dsvy-bg-color-over-image\" data-id=\"57cb321\" data-element_type=\"column\">\n\t\t\t<div class=\"elementor-widget-wrap elementor-element-populated\">\n\t\t\t\t\t\t<div class=\"elementor-element elementor-element-224b6ec elementor-widget elementor-widget-dsvy_heading\" data-id=\"224b6ec\" data-element_type=\"widget\" data-widget_type=\"dsvy_heading.default\">\n\t\t\t\t<div class=\"elementor-widget-container\">\n\t\t\t\t\t\t<div class=\"dsvy-heading-subheading -align dsvy-reverse-heading-yes\"><h4 class=\"dsvy-element-subtitle\">\n\t\t\t\n\t\t\t\tLimcorp\n\t\t\t\n\t\t\t<\/h4>\n\t\t<h2 class=\"dsvy-element-title\">\n\t\t\t\n\t\t\t\tSomos expertos en soluciones de limpieza integral orientada al cuidado y protecci\u00f3n.\n\t\t\t\n\t\t\t<\/h2>\n\t\t<div class=\"dsvy-heading-desc\">Nos ocupamos del pulcro mantenimiento de unidades edilicias y ambientes de diversas caracter\u00edsticas, atendiendo a las particularidades de cada contexto.\n<\/div><\/div>\t\t\t\t<\/div>\n\t\t\t\t<\/div>\n\t\t\t\t<div class=\"elementor-element elementor-element-598e7c5 elementor-widget elementor-widget-text-editor\" data-id=\"598e7c5\" data-element_type=\"widget\" data-widget_type=\"text-editor.default\">\n\t\t\t\t<div class=\"elementor-widget-container\">\n\t\t\t\t\t\t\t\t\t<p><strong>Las necesidades y exigencias de nuestros clientes son las gu\u00edas para nuestro trabajo, y las condiciones que nos permiten esforzarnos para cumplir con sus expectativas.<\/strong><\/p><p><strong>Experiencia<\/strong><br \/>Ponemos a disposici\u00f3n de su organizaci\u00f3n nuestra trayectoria de m\u00e1s de 20 a\u00f1os, la cual respaldamos con la garant\u00eda, seriedad y compromiso que merecen nuestros clientes.<br \/>Los integrantes de nuestros equipos de trabajo est\u00e1n plenamente capacitados y actualizados para cumplir con las demandas m\u00e1s exigentes, seg\u00fan sea lo que deba resolverse en cada situaci\u00f3n. Trabajamos para cumplir.<\/p>\t\t\t\t\t\t\t\t<\/div>\n\t\t\t\t<\/div>\n\t\t\t\t\t<\/div>\n\t\t<\/div>\n\t\t\t\t<div class=\"elementor-column elementor-col-50 elementor-top-column elementor-element elementor-element-3deac28 dsvy-bg-color-over-image\" data-id=\"3deac28\" data-element_type=\"column\">\n\t\t\t<div class=\"elementor-widget-wrap elementor-element-populated\">\n\t\t\t\t\t\t<section class=\"elementor-section elementor-inner-section elementor-element elementor-element-c1ee994 dsvy-col-stretched-none dsvy-bg-color-over-image elementor-section-boxed elementor-section-height-default elementor-section-height-default\" data-id=\"c1ee994\" data-element_type=\"section\">\n\t\t\t\t\t\t<div class=\"elementor-container elementor-column-gap-narrow\">\n\t\t\t\t\t<div class=\"elementor-column elementor-col-50 elementor-inner-column elementor-element elementor-element-118cb3d dsvy-bg-color-over-image\" data-id=\"118cb3d\" data-element_type=\"column\">\n\t\t\t<div class=\"elementor-widget-wrap elementor-element-populated\">\n\t\t\t\t\t\t<div class=\"elementor-element elementor-element-d1b3be0 dsvy-responsive-imge-1 elementor-widget elementor-widget-image\" data-id=\"d1b3be0\" data-element_type=\"widget\" data-widget_type=\"image.default\">\n\t\t\t\t<div class=\"elementor-widget-container\">\n\t\t\t\t\t\t\t\t\t\t\t\t\t\t\t<img fetchpriority=\"high\" decoding=\"async\" width=\"260\" height=\"270\" src=\"https:\/\/grupoplus.com.ar\/limcorp\/wp-content\/uploads\/sites\/4\/2021\/07\/limcorp-nosotros-1.jpg\" class=\"attachment-full size-full wp-image-208\" alt=\"Limcorp limpieza integral\" \/>\t\t\t\t\t\t\t\t\t\t\t\t\t\t\t<\/div>\n\t\t\t\t<\/div>\n\t\t\t\t<div class=\"elementor-element elementor-element-f0c2cc6 elementor-widget elementor-widget-dsvy_icon_heading\" data-id=\"f0c2cc6\" data-element_type=\"widget\" data-widget_type=\"dsvy_icon_heading.default\">\n\t\t\t\t<div class=\"elementor-widget-container\">\n\t\t\t\t\t<div class=\"dsvy-ihbox dsvy-ihbox-style-4\"><div class=\"dsvy-ihbox-contents\">\n\t<div class=\"dsvy-ihbox-headingicon\">\n\t\t<div class=\"dsvy-ihbox-icon\"><div class=\"dsvy-ihbox-icon-wrapper\"><i class=\"dsvy-digicop-icon dsvy-digicop-icon-life-insurance\"><\/i><\/div><\/div>\t\t<div class=\"dsvy-ihbox-contents\">\n\t\t\t<h2 class=\"dsvy-element-title\">\n\t\t\t\t\t\n\t\t\t\t\t\tConfian en nosotros m\u00e1s de \n <span>3500<\/span> clientes\n\t\t\t\t\t\n\t\t\t\t\t<\/h2>\n\t\t\t\t\t\t\t\t\t\t\t\t\t<div class=\"dsvy-ihbox-btn\"><a href=\"#\"><span>Read More<\/span><\/a><\/div>\t\t<\/div><!-- .dsvy-ihbox-contents -->\n\t<\/div>\n<\/div>\n<\/div>\t\t\t\t<\/div>\n\t\t\t\t<\/div>\n\t\t\t\t\t<\/div>\n\t\t<\/div>\n\t\t\t\t<div class=\"elementor-column elementor-col-50 elementor-inner-column elementor-element elementor-element-d5169fe dsvy-empty-div-height-767 dsvy-bg-color-over-image\" data-id=\"d5169fe\" data-element_type=\"column\" data-settings=\"{&quot;background_background&quot;:&quot;classic&quot;}\">\n\t\t\t<div class=\"elementor-widget-wrap\">\n\t\t\t\t\t\t\t<\/div>\n\t\t<\/div>\n\t\t\t\t\t<\/div>\n\t\t<\/section>\n\t\t\t\t\t<\/div>\n\t\t<\/div>\n\t\t\t\t\t<\/div>\n\t\t<\/div>\n\t\t\t\t<div class=\"elementor-section elementor-top-section elementor-element elementor-element-0cdb573 dsvy-bg-color-yes dsvy-elementor-bg-color-blackish elementor-section-stretched dsvy-text-color-white elementor-hidden-desktop elementor-hidden-tablet elementor-hidden-phone dsvy-col-stretched-none dsvy-bg-color-over-image elementor-section-boxed elementor-section-height-default elementor-section-height-default\" data-id=\"0cdb573\" data-element_type=\"section\" data-settings=\"{&quot;stretch_section&quot;:&quot;section-stretched&quot;,&quot;background_background&quot;:&quot;classic&quot;}\">\n\t\t\t\t\t\t\t<div class=\"elementor-background-overlay\"><\/div>\n\t\t\t\t\t\t\t<div class=\"elementor-container elementor-column-gap-default\">\n\t\t\t\t\t<div class=\"elementor-column elementor-col-25 elementor-top-column elementor-element elementor-element-7faeef6 dsvy-bg-color-over-image\" data-id=\"7faeef6\" data-element_type=\"column\">\n\t\t\t<div class=\"elementor-widget-wrap elementor-element-populated\">\n\t\t\t\t\t\t<div class=\"elementor-element elementor-element-3925ae9 elementor-widget elementor-widget-dsvy_fid_element\" data-id=\"3925ae9\" data-element_type=\"widget\" data-widget_type=\"dsvy_fid_element.default\">\n\t\t\t\t<div class=\"elementor-widget-container\">\n\t\t\t\t\t<div class=\"designervily-ele designervily-ele-fid designervily-ele-fid-style-4 \"><div class=\"dsvy-fld-contents d-flex align-items-center\">\n\t<div class=\"dsvy-sbox-icon-wrapper\"><i class=\"dsvy-digicop-icon dsvy-digicop-icon-alarm\"><\/i><\/div>\t<div class=\"dsvy-fid-wrap\">\n\t\t<h4 class=\"dsvy-fid-inner\">\n\t\t\t\t\t\t<span class=\"dsvy-number-rotate\" data-appear-animation=\"animateDigits\" data-from=\"0\" data-to=\"450\" data-interval=\"5\" data-before=\"\" data-before-style=\"\" data-after=\"\" data-after-style=\"\">\n\t\t\t\t\t450\t\t\t<\/span><span class=\"dsvy-fid-sub\"><\/span>\n\t\t<\/h4>\n\t\t<span class=\"dsvy-fid-title\">Smoke Alarms<\/span>\n\t<\/div>\n<\/div><!-- .dsvy-fld-contents -->\n<\/div>\t\t\t\t<\/div>\n\t\t\t\t<\/div>\n\t\t\t\t\t<\/div>\n\t\t<\/div>\n\t\t\t\t<div class=\"elementor-column elementor-col-25 elementor-top-column elementor-element elementor-element-0015988 dsvy-bg-color-over-image\" data-id=\"0015988\" data-element_type=\"column\">\n\t\t\t<div class=\"elementor-widget-wrap elementor-element-populated\">\n\t\t\t\t\t\t<div class=\"elementor-element elementor-element-681daca elementor-widget elementor-widget-dsvy_fid_element\" data-id=\"681daca\" data-element_type=\"widget\" data-widget_type=\"dsvy_fid_element.default\">\n\t\t\t\t<div class=\"elementor-widget-container\">\n\t\t\t\t\t<div class=\"designervily-ele designervily-ele-fid designervily-ele-fid-style-4 \"><div class=\"dsvy-fld-contents d-flex align-items-center\">\n\t<div class=\"dsvy-sbox-icon-wrapper\"><i class=\"dsvy-digicop-icon dsvy-digicop-icon-security\"><\/i><\/div>\t<div class=\"dsvy-fid-wrap\">\n\t\t<h4 class=\"dsvy-fid-inner\">\n\t\t\t\t\t\t<span class=\"dsvy-number-rotate\" data-appear-animation=\"animateDigits\" data-from=\"0\" data-to=\"565\" data-interval=\"5\" data-before=\"\" data-before-style=\"\" data-after=\"\" data-after-style=\"\">\n\t\t\t\t\t565\t\t\t<\/span><span class=\"dsvy-fid-sub\"><\/span>\n\t\t<\/h4>\n\t\t<span class=\"dsvy-fid-title\">24\/7 Service\n<\/span>\n\t<\/div>\n<\/div><!-- .dsvy-fld-contents -->\n<\/div>\t\t\t\t<\/div>\n\t\t\t\t<\/div>\n\t\t\t\t\t<\/div>\n\t\t<\/div>\n\t\t\t\t<div class=\"elementor-column elementor-col-25 elementor-top-column elementor-element elementor-element-991d45e dsvy-bg-color-over-image\" data-id=\"991d45e\" data-element_type=\"column\">\n\t\t\t<div class=\"elementor-widget-wrap elementor-element-populated\">\n\t\t\t\t\t\t<div class=\"elementor-element elementor-element-6b97433 elementor-widget elementor-widget-dsvy_fid_element\" data-id=\"6b97433\" data-element_type=\"widget\" data-widget_type=\"dsvy_fid_element.default\">\n\t\t\t\t<div class=\"elementor-widget-container\">\n\t\t\t\t\t<div class=\"designervily-ele designervily-ele-fid designervily-ele-fid-style-4 \"><div class=\"dsvy-fld-contents d-flex align-items-center\">\n\t<div class=\"dsvy-sbox-icon-wrapper\"><i class=\"dsvy-digicop-icon dsvy-digicop-icon-firefighter\"><\/i><\/div>\t<div class=\"dsvy-fid-wrap\">\n\t\t<h4 class=\"dsvy-fid-inner\">\n\t\t\t\t\t\t<span class=\"dsvy-number-rotate\" data-appear-animation=\"animateDigits\" data-from=\"0\" data-to=\"250\" data-interval=\"5\" data-before=\"\" data-before-style=\"\" data-after=\"\" data-after-style=\"\">\n\t\t\t\t\t250\t\t\t<\/span><span class=\"dsvy-fid-sub\"><\/span>\n\t\t<\/h4>\n\t\t<span class=\"dsvy-fid-title\">Winning Award\n<\/span>\n\t<\/div>\n<\/div><!-- .dsvy-fld-contents -->\n<\/div>\t\t\t\t<\/div>\n\t\t\t\t<\/div>\n\t\t\t\t\t<\/div>\n\t\t<\/div>\n\t\t\t\t<div class=\"elementor-column elementor-col-25 elementor-top-column elementor-element elementor-element-9e5d22d dsvy-bg-color-over-image\" data-id=\"9e5d22d\" data-element_type=\"column\">\n\t\t\t<div class=\"elementor-widget-wrap elementor-element-populated\">\n\t\t\t\t\t\t<div class=\"elementor-element elementor-element-4d353b7 elementor-widget elementor-widget-dsvy_fid_element\" data-id=\"4d353b7\" data-element_type=\"widget\" data-widget_type=\"dsvy_fid_element.default\">\n\t\t\t\t<div class=\"elementor-widget-container\">\n\t\t\t\t\t<div class=\"designervily-ele designervily-ele-fid designervily-ele-fid-style-4 \"><div class=\"dsvy-fld-contents d-flex align-items-center\">\n\t<div class=\"dsvy-sbox-icon-wrapper\"><i class=\"dsvy-digicop-icon dsvy-digicop-icon-buildings\"><\/i><\/div>\t<div class=\"dsvy-fid-wrap\">\n\t\t<h4 class=\"dsvy-fid-inner\">\n\t\t\t\t\t\t<span class=\"dsvy-number-rotate\" data-appear-animation=\"animateDigits\" data-from=\"0\" data-to=\"345\" data-interval=\"5\" data-before=\"\" data-before-style=\"\" data-after=\"\" data-after-style=\"\">\n\t\t\t\t\t345\t\t\t<\/span><span class=\"dsvy-fid-sub\"><\/span>\n\t\t<\/h4>\n\t\t<span class=\"dsvy-fid-title\">Home Secured\n<\/span>\n\t<\/div>\n<\/div><!-- .dsvy-fld-contents -->\n<\/div>\t\t\t\t<\/div>\n\t\t\t\t<\/div>\n\t\t\t\t\t<\/div>\n\t\t<\/div>\n\t\t\t\t\t<\/div>\n\t\t<\/div>\n\t\t\t\t<section class=\"elementor-section elementor-top-section elementor-element elementor-element-a3a4bed dsvy-col-stretched-none dsvy-bg-color-over-image elementor-section-boxed elementor-section-height-default elementor-section-height-default\" data-id=\"a3a4bed\" data-element_type=\"section\">\n\t\t\t\t\t\t<div class=\"elementor-container elementor-column-gap-default\">\n\t\t\t\t\t<div class=\"elementor-column elementor-col-100 elementor-top-column elementor-element elementor-element-4cb3c55 dsvy-bg-color-over-image\" data-id=\"4cb3c55\" data-element_type=\"column\">\n\t\t\t<div class=\"elementor-widget-wrap elementor-element-populated\">\n\t\t\t\t\t\t<div class=\"elementor-section elementor-inner-section elementor-element elementor-element-ca4cbb5 dsvy-bg-color-yes dsvy-elementor-bg-color-white elementor-section-content-middle elementor-hidden-desktop elementor-hidden-tablet elementor-hidden-phone dsvy-col-stretched-none dsvy-bg-color-over-image elementor-section-boxed elementor-section-height-default elementor-section-height-default\" data-id=\"ca4cbb5\" data-element_type=\"section\">\n\t\t\t\t\t\t<div class=\"elementor-container elementor-column-gap-no\">\n\t\t\t\t\t<div class=\"elementor-column elementor-col-50 elementor-inner-column elementor-element elementor-element-f4c6c42 dsvy-empty-div-height-1024 dsvy-bg-color-over-image\" data-id=\"f4c6c42\" data-element_type=\"column\" data-settings=\"{&quot;background_background&quot;:&quot;classic&quot;}\">\n\t\t\t<div class=\"elementor-widget-wrap\">\n\t\t\t\t\t\t\t<\/div>\n\t\t<\/div>\n\t\t\t\t<div class=\"elementor-column elementor-col-50 elementor-inner-column elementor-element elementor-element-79e6788 dsvy-bg-color-over-image\" data-id=\"79e6788\" data-element_type=\"column\">\n\t\t\t<div class=\"elementor-widget-wrap elementor-element-populated\">\n\t\t\t\t\t\t<div class=\"elementor-element elementor-element-1c3d452 dsvy-heaing-style-1 dsvy-align-left elementor-widget elementor-widget-dsvy_heading\" data-id=\"1c3d452\" data-element_type=\"widget\" data-widget_type=\"dsvy_heading.default\">\n\t\t\t\t<div class=\"elementor-widget-container\">\n\t\t\t\t\t\t<div class=\"dsvy-heading-subheading left-align dsvy-reverse-heading-yes\"><h4 class=\"dsvy-element-subtitle\">\n\t\t\t\n\t\t\t\tWhy Choose Us\n\n\t\t\t\n\t\t\t<\/h4>\n\t\t<h2 class=\"dsvy-element-title\">\n\t\t\t\n\t\t\t\tOur Expert Security\n\n\t\t\t\n\t\t\t<\/h2>\n\t\t<\/div>\t\t\t\t<\/div>\n\t\t\t\t<\/div>\n\t\t\t\t<div class=\"elementor-element elementor-element-9d7291f elementor-widget elementor-widget-text-editor\" data-id=\"9d7291f\" data-element_type=\"widget\" data-widget_type=\"text-editor.default\">\n\t\t\t\t<div class=\"elementor-widget-container\">\n\t\t\t\t\t\t\t\t\t<p>We offer to manage maintenance of your security systems. Expert are remote monitor with control to all staff security service.<\/p>\t\t\t\t\t\t\t\t<\/div>\n\t\t\t\t<\/div>\n\t\t\t\t<div class=\"elementor-element elementor-element-1431b32 elementor-widget elementor-widget-progress\" data-id=\"1431b32\" data-element_type=\"widget\" data-widget_type=\"progress.default\">\n\t\t\t\t<div class=\"elementor-widget-container\">\n\t\t\t\t\t\t\t\t<span class=\"elementor-title\" id=\"elementor-progress-bar-1431b32\">\n\t\t\t\tExperts\t\t\t<\/span>\n\t\t\n\t\t<div aria-labelledby=\"elementor-progress-bar-1431b32\" class=\"elementor-progress-wrapper\" role=\"progressbar\" aria-valuemin=\"0\" aria-valuemax=\"100\" aria-valuenow=\"70\">\n\t\t\t<div class=\"elementor-progress-bar\" data-max=\"70\">\n\t\t\t\t<span class=\"elementor-progress-text\"><\/span>\n\t\t\t\t\t\t\t\t\t<span class=\"elementor-progress-percentage\">70%<\/span>\n\t\t\t\t\t\t\t<\/div>\n\t\t<\/div>\n\t\t\t\t\t\t<\/div>\n\t\t\t\t<\/div>\n\t\t\t\t<div class=\"elementor-element elementor-element-817db61 elementor-widget elementor-widget-progress\" data-id=\"817db61\" data-element_type=\"widget\" data-widget_type=\"progress.default\">\n\t\t\t\t<div class=\"elementor-widget-container\">\n\t\t\t\t\t\t\t\t<span class=\"elementor-title\" id=\"elementor-progress-bar-817db61\">\n\t\t\t\tProjects\t\t\t<\/span>\n\t\t\n\t\t<div aria-labelledby=\"elementor-progress-bar-817db61\" class=\"elementor-progress-wrapper\" role=\"progressbar\" aria-valuemin=\"0\" aria-valuemax=\"100\" aria-valuenow=\"80\">\n\t\t\t<div class=\"elementor-progress-bar\" data-max=\"80\">\n\t\t\t\t<span class=\"elementor-progress-text\"><\/span>\n\t\t\t\t\t\t\t\t\t<span class=\"elementor-progress-percentage\">80%<\/span>\n\t\t\t\t\t\t\t<\/div>\n\t\t<\/div>\n\t\t\t\t\t\t<\/div>\n\t\t\t\t<\/div>\n\t\t\t\t<div class=\"elementor-element elementor-element-3e2b215 elementor-widget elementor-widget-progress\" data-id=\"3e2b215\" data-element_type=\"widget\" data-widget_type=\"progress.default\">\n\t\t\t\t<div class=\"elementor-widget-container\">\n\t\t\t\t\t\t\t\t<span class=\"elementor-title\" id=\"elementor-progress-bar-3e2b215\">\n\t\t\t\tSecurity\t\t\t<\/span>\n\t\t\n\t\t<div aria-labelledby=\"elementor-progress-bar-3e2b215\" class=\"elementor-progress-wrapper\" role=\"progressbar\" aria-valuemin=\"0\" aria-valuemax=\"100\" aria-valuenow=\"90\">\n\t\t\t<div class=\"elementor-progress-bar\" data-max=\"90\">\n\t\t\t\t<span class=\"elementor-progress-text\"><\/span>\n\t\t\t\t\t\t\t\t\t<span class=\"elementor-progress-percentage\">90%<\/span>\n\t\t\t\t\t\t\t<\/div>\n\t\t<\/div>\n\t\t\t\t\t\t<\/div>\n\t\t\t\t<\/div>\n\t\t\t\t\t<\/div>\n\t\t<\/div>\n\t\t\t\t\t<\/div>\n\t\t<\/div>\n\t\t\t\t\t<\/div>\n\t\t<\/div>\n\t\t\t\t\t<\/div>\n\t\t<\/section>\n\t\t\t\t<\/div>\n\t\t","protected":false},"excerpt":{"rendered":"<p>Limcorp Somos expertos en soluciones de limpieza integral orientada al cuidado y protecci\u00f3n. Nos ocupamos del pulcro mantenimiento de unidades edilicias y ambientes de diversas caracter\u00edsticas, atendiendo a las particularidades de cada contexto. Las necesidades y exigencias de nuestros clientes son las gu\u00edas para nuestro trabajo, y las condiciones que nos permiten esforzarnos para cumplir con sus expectativas. ExperienciaPonemos a disposici\u00f3n de su organizaci\u00f3n nuestra trayectoria de m\u00e1s de 20[&hellip;]<\/p>\n","protected":false},"author":1,"featured_media":0,"parent":0,"menu_order":4,"comment_status":"closed","ping_status":"closed","template":"","meta":{"_acf_changed":false,"footnotes":""},"class_list":["post-59","page","type-page","status-publish","hentry"],"acf":[],"_links":{"self":[{"href":"https:\/\/grupoplus.com.ar\/limcorp\/wp-json\/wp\/v2\/pages\/59","targetHints":{"allow":["GET"]}}],"collection":[{"href":"https:\/\/grupoplus.com.ar\/limcorp\/wp-json\/wp\/v2\/pages"}],"about":[{"href":"https:\/\/grupoplus.com.ar\/limcorp\/wp-json\/wp\/v2\/types\/page"}],"author":[{"embeddable":true,"href":"https:\/\/grupoplus.com.ar\/limcorp\/wp-json\/wp\/v2\/users\/1"}],"replies":[{"embeddable":true,"href":"https:\/\/grupoplus.com.ar\/limcorp\/wp-json\/wp\/v2\/comments?post=59"}],"version-history":[{"count":35,"href":"https:\/\/grupoplus.com.ar\/limcorp\/wp-json\/wp\/v2\/pages\/59\/revisions"}],"predecessor-version":[{"id":603,"href":"https:\/\/grupoplus.com.ar\/limcorp\/wp-json\/wp\/v2\/pages\/59\/revisions\/603"}],"wp:attachment":[{"href":"https:\/\/grupoplus.com.ar\/limcorp\/wp-json\/wp\/v2\/media?parent=59"}],"curies":[{"name":"wp","href":"https:\/\/api.w.org\/{rel}","templated":true}]}}