{"id":578,"date":"2022-08-26T12:11:49","date_gmt":"2022-08-26T12:11:49","guid":{"rendered":"https:\/\/grupoplus.com.ar\/limcorp\/?page_id=578"},"modified":"2022-08-26T12:45:33","modified_gmt":"2022-08-26T12:45:33","slug":"soporte","status":"publish","type":"page","link":"https:\/\/grupoplus.com.ar\/limcorp\/soporte\/","title":{"rendered":"Centro de operaciones 24hs"},"content":{"rendered":"\t\t<div data-elementor-type=\"wp-page\" data-elementor-id=\"578\" class=\"elementor elementor-578\">\n\t\t\t\t\t\t<div class=\"elementor-section elementor-top-section elementor-element elementor-element-b614473 dsvy-bg-color-yes dsvy-elementor-bg-color-white dsvy-col-stretched-none dsvy-bg-color-over-image elementor-section-boxed elementor-section-height-default elementor-section-height-default\" data-id=\"b614473\" data-element_type=\"section\">\n\t\t\t\t\t\t<div class=\"elementor-container elementor-column-gap-default\">\n\t\t\t\t\t<div class=\"elementor-column elementor-col-50 elementor-top-column elementor-element elementor-element-3cae848 dsvy-bg-color-over-image\" data-id=\"3cae848\" data-element_type=\"column\">\n\t\t\t<div class=\"elementor-widget-wrap elementor-element-populated\">\n\t\t\t\t\t\t<div class=\"elementor-element elementor-element-b3b55a7 elementor-widget elementor-widget-dsvy_heading\" data-id=\"b3b55a7\" data-element_type=\"widget\" data-widget_type=\"dsvy_heading.default\">\n\t\t\t\t<div class=\"elementor-widget-container\">\n\t\t\t\t\t\t<div class=\"dsvy-heading-subheading -align dsvy-reverse-heading-yes\"><h4 class=\"dsvy-element-subtitle\">\n\t\t\t\n\t\t\t\tLIMCORP\n\t\t\t\n\t\t\t<\/h4>\n\t\t<h2 class=\"dsvy-element-title\">\n\t\t\t\n\t\t\t\tCentral de Operaciones 24 horas\n\t\t\t\n\t\t\t<\/h2>\n\t\t<\/div>\t\t\t\t<\/div>\n\t\t\t\t<\/div>\n\t\t\t\t<div class=\"elementor-element elementor-element-3c3cf96 elementor-widget elementor-widget-text-editor\" data-id=\"3c3cf96\" data-element_type=\"widget\" data-widget_type=\"text-editor.default\">\n\t\t\t\t<div class=\"elementor-widget-container\">\n\t\t\t\t\t\t\t\t\t<p>Grupo Plus posee una Central de Operaciones que trabaja para sus clientes las 24hs durante los 365 d\u00edas del a\u00f1o. Bajo la modalidad de equipos de trabajo que act\u00faan en conjunto y a trav\u00e9s operadores responsables que asumen el<br \/>liderazgo del servicio con el objetivo fundamental de satisfacer al cliente,brindando protecci\u00f3n, minimizando y anticip\u00e1ndose\u00a0 as\u00ed a los riesgos. Basados en Manuales de Procedimientos Protocolares como eje fundamental para lograr la m\u00e1s alta eficiencia en este tipo de servicios.<\/p><p>Grupo Plus cubre los Servicios de Seguridad Electr\u00f3nica, F\u00edsica o Vigilancia y<br \/>Limpieza orientada principalmente Entidades Bancarias, Financieras,<br \/>Instituciones Comerciales, Industriales y Civiles. Como siempre poniendo a disposici\u00f3n de cada cliente una completa infraestructura, con una moderna Central de Operaciones, que funciona como eje operativo. Con esta cobertura nos encontramos en condiciones de ofrecer un servicio de excelencia para<br \/>nuestros clientes.<\/p>\t\t\t\t\t\t\t\t<\/div>\n\t\t\t\t<\/div>\n\t\t\t\t\t<\/div>\n\t\t<\/div>\n\t\t\t\t<div class=\"elementor-column elementor-col-50 elementor-top-column elementor-element elementor-element-d1a930b dsvy-bg-color-over-image\" data-id=\"d1a930b\" data-element_type=\"column\">\n\t\t\t<div class=\"elementor-widget-wrap elementor-element-populated\">\n\t\t\t\t\t\t<section class=\"elementor-section elementor-inner-section elementor-element elementor-element-cb15644 dsvy-col-stretched-none dsvy-bg-color-over-image elementor-section-boxed elementor-section-height-default elementor-section-height-default\" data-id=\"cb15644\" data-element_type=\"section\">\n\t\t\t\t\t\t<div class=\"elementor-container elementor-column-gap-narrow\">\n\t\t\t\t\t<div class=\"elementor-column elementor-col-100 elementor-inner-column elementor-element elementor-element-a0a2dd7 dsvy-bg-color-over-image\" data-id=\"a0a2dd7\" data-element_type=\"column\">\n\t\t\t<div class=\"elementor-widget-wrap elementor-element-populated\">\n\t\t\t\t\t\t<div class=\"elementor-element elementor-element-43c73a5 dsvy-responsive-imge-1 elementor-widget elementor-widget-image\" data-id=\"43c73a5\" data-element_type=\"widget\" data-widget_type=\"image.default\">\n\t\t\t\t<div class=\"elementor-widget-container\">\n\t\t\t\t\t\t\t\t\t\t\t\t\t\t\t<img fetchpriority=\"high\" decoding=\"async\" width=\"723\" height=\"800\" src=\"https:\/\/grupoplus.com.ar\/limcorp\/wp-content\/uploads\/sites\/4\/2022\/08\/imagen-limcorp-24horas-B.jpg\" class=\"attachment-full size-full wp-image-586\" alt=\"\" srcset=\"https:\/\/grupoplus.com.ar\/limcorp\/wp-content\/uploads\/sites\/4\/2022\/08\/imagen-limcorp-24horas-B.jpg 723w, https:\/\/grupoplus.com.ar\/limcorp\/wp-content\/uploads\/sites\/4\/2022\/08\/imagen-limcorp-24horas-B-271x300.jpg 271w\" sizes=\"(max-width: 723px) 100vw, 723px\" \/>\t\t\t\t\t\t\t\t\t\t\t\t\t\t\t<\/div>\n\t\t\t\t<\/div>\n\t\t\t\t\t<\/div>\n\t\t<\/div>\n\t\t\t\t\t<\/div>\n\t\t<\/section>\n\t\t\t\t\t<\/div>\n\t\t<\/div>\n\t\t\t\t\t<\/div>\n\t\t<\/div>\n\t\t\t\t<div class=\"elementor-section elementor-top-section elementor-element elementor-element-0cdb573 dsvy-bg-color-yes dsvy-elementor-bg-color-blackish elementor-section-stretched dsvy-text-color-white elementor-hidden-desktop elementor-hidden-tablet elementor-hidden-phone dsvy-col-stretched-none dsvy-bg-color-over-image elementor-section-boxed elementor-section-height-default elementor-section-height-default\" data-id=\"0cdb573\" data-element_type=\"section\" data-settings=\"{&quot;stretch_section&quot;:&quot;section-stretched&quot;,&quot;background_background&quot;:&quot;classic&quot;}\">\n\t\t\t\t\t\t\t<div class=\"elementor-background-overlay\"><\/div>\n\t\t\t\t\t\t\t<div class=\"elementor-container elementor-column-gap-default\">\n\t\t\t\t\t<div class=\"elementor-column elementor-col-25 elementor-top-column elementor-element elementor-element-7faeef6 dsvy-bg-color-over-image\" data-id=\"7faeef6\" data-element_type=\"column\">\n\t\t\t<div class=\"elementor-widget-wrap elementor-element-populated\">\n\t\t\t\t\t\t<div class=\"elementor-element elementor-element-3925ae9 elementor-widget elementor-widget-dsvy_fid_element\" data-id=\"3925ae9\" data-element_type=\"widget\" data-widget_type=\"dsvy_fid_element.default\">\n\t\t\t\t<div class=\"elementor-widget-container\">\n\t\t\t\t\t<div class=\"designervily-ele designervily-ele-fid designervily-ele-fid-style-4 \"><div class=\"dsvy-fld-contents d-flex align-items-center\">\n\t<div class=\"dsvy-sbox-icon-wrapper\"><i class=\"dsvy-digicop-icon dsvy-digicop-icon-alarm\"><\/i><\/div>\t<div class=\"dsvy-fid-wrap\">\n\t\t<h4 class=\"dsvy-fid-inner\">\n\t\t\t\t\t\t<span class=\"dsvy-number-rotate\" data-appear-animation=\"animateDigits\" data-from=\"0\" data-to=\"450\" data-interval=\"5\" data-before=\"\" data-before-style=\"\" data-after=\"\" data-after-style=\"\">\n\t\t\t\t\t450\t\t\t<\/span><span class=\"dsvy-fid-sub\"><\/span>\n\t\t<\/h4>\n\t\t<span class=\"dsvy-fid-title\">Smoke Alarms<\/span>\n\t<\/div>\n<\/div><!-- .dsvy-fld-contents -->\n<\/div>\t\t\t\t<\/div>\n\t\t\t\t<\/div>\n\t\t\t\t\t<\/div>\n\t\t<\/div>\n\t\t\t\t<div class=\"elementor-column elementor-col-25 elementor-top-column elementor-element elementor-element-0015988 dsvy-bg-color-over-image\" data-id=\"0015988\" data-element_type=\"column\">\n\t\t\t<div class=\"elementor-widget-wrap elementor-element-populated\">\n\t\t\t\t\t\t<div class=\"elementor-element elementor-element-681daca elementor-widget elementor-widget-dsvy_fid_element\" data-id=\"681daca\" data-element_type=\"widget\" data-widget_type=\"dsvy_fid_element.default\">\n\t\t\t\t<div class=\"elementor-widget-container\">\n\t\t\t\t\t<div class=\"designervily-ele designervily-ele-fid designervily-ele-fid-style-4 \"><div class=\"dsvy-fld-contents d-flex align-items-center\">\n\t<div class=\"dsvy-sbox-icon-wrapper\"><i class=\"dsvy-digicop-icon dsvy-digicop-icon-security\"><\/i><\/div>\t<div class=\"dsvy-fid-wrap\">\n\t\t<h4 class=\"dsvy-fid-inner\">\n\t\t\t\t\t\t<span class=\"dsvy-number-rotate\" data-appear-animation=\"animateDigits\" data-from=\"0\" data-to=\"565\" data-interval=\"5\" data-before=\"\" data-before-style=\"\" data-after=\"\" data-after-style=\"\">\n\t\t\t\t\t565\t\t\t<\/span><span class=\"dsvy-fid-sub\"><\/span>\n\t\t<\/h4>\n\t\t<span class=\"dsvy-fid-title\">24\/7 Service\n<\/span>\n\t<\/div>\n<\/div><!-- .dsvy-fld-contents -->\n<\/div>\t\t\t\t<\/div>\n\t\t\t\t<\/div>\n\t\t\t\t\t<\/div>\n\t\t<\/div>\n\t\t\t\t<div class=\"elementor-column elementor-col-25 elementor-top-column elementor-element elementor-element-991d45e dsvy-bg-color-over-image\" data-id=\"991d45e\" data-element_type=\"column\">\n\t\t\t<div class=\"elementor-widget-wrap elementor-element-populated\">\n\t\t\t\t\t\t<div class=\"elementor-element elementor-element-6b97433 elementor-widget elementor-widget-dsvy_fid_element\" data-id=\"6b97433\" data-element_type=\"widget\" data-widget_type=\"dsvy_fid_element.default\">\n\t\t\t\t<div class=\"elementor-widget-container\">\n\t\t\t\t\t<div class=\"designervily-ele designervily-ele-fid designervily-ele-fid-style-4 \"><div class=\"dsvy-fld-contents d-flex align-items-center\">\n\t<div class=\"dsvy-sbox-icon-wrapper\"><i class=\"dsvy-digicop-icon dsvy-digicop-icon-firefighter\"><\/i><\/div>\t<div class=\"dsvy-fid-wrap\">\n\t\t<h4 class=\"dsvy-fid-inner\">\n\t\t\t\t\t\t<span class=\"dsvy-number-rotate\" data-appear-animation=\"animateDigits\" data-from=\"0\" data-to=\"250\" data-interval=\"5\" data-before=\"\" data-before-style=\"\" data-after=\"\" data-after-style=\"\">\n\t\t\t\t\t250\t\t\t<\/span><span class=\"dsvy-fid-sub\"><\/span>\n\t\t<\/h4>\n\t\t<span class=\"dsvy-fid-title\">Winning Award\n<\/span>\n\t<\/div>\n<\/div><!-- .dsvy-fld-contents -->\n<\/div>\t\t\t\t<\/div>\n\t\t\t\t<\/div>\n\t\t\t\t\t<\/div>\n\t\t<\/div>\n\t\t\t\t<div class=\"elementor-column elementor-col-25 elementor-top-column elementor-element elementor-element-9e5d22d dsvy-bg-color-over-image\" data-id=\"9e5d22d\" data-element_type=\"column\">\n\t\t\t<div class=\"elementor-widget-wrap elementor-element-populated\">\n\t\t\t\t\t\t<div class=\"elementor-element elementor-element-4d353b7 elementor-widget elementor-widget-dsvy_fid_element\" data-id=\"4d353b7\" data-element_type=\"widget\" data-widget_type=\"dsvy_fid_element.default\">\n\t\t\t\t<div class=\"elementor-widget-container\">\n\t\t\t\t\t<div class=\"designervily-ele designervily-ele-fid designervily-ele-fid-style-4 \"><div class=\"dsvy-fld-contents d-flex align-items-center\">\n\t<div class=\"dsvy-sbox-icon-wrapper\"><i class=\"dsvy-digicop-icon dsvy-digicop-icon-buildings\"><\/i><\/div>\t<div class=\"dsvy-fid-wrap\">\n\t\t<h4 class=\"dsvy-fid-inner\">\n\t\t\t\t\t\t<span class=\"dsvy-number-rotate\" data-appear-animation=\"animateDigits\" data-from=\"0\" data-to=\"345\" data-interval=\"5\" data-before=\"\" data-before-style=\"\" data-after=\"\" data-after-style=\"\">\n\t\t\t\t\t345\t\t\t<\/span><span class=\"dsvy-fid-sub\"><\/span>\n\t\t<\/h4>\n\t\t<span class=\"dsvy-fid-title\">Home Secured\n<\/span>\n\t<\/div>\n<\/div><!-- .dsvy-fld-contents -->\n<\/div>\t\t\t\t<\/div>\n\t\t\t\t<\/div>\n\t\t\t\t\t<\/div>\n\t\t<\/div>\n\t\t\t\t\t<\/div>\n\t\t<\/div>\n\t\t\t\t<section class=\"elementor-section elementor-top-section elementor-element elementor-element-a3a4bed dsvy-col-stretched-none dsvy-bg-color-over-image elementor-section-boxed elementor-section-height-default elementor-section-height-default\" data-id=\"a3a4bed\" data-element_type=\"section\">\n\t\t\t\t\t\t<div class=\"elementor-container elementor-column-gap-default\">\n\t\t\t\t\t<div class=\"elementor-column elementor-col-100 elementor-top-column elementor-element elementor-element-4cb3c55 dsvy-bg-color-over-image\" data-id=\"4cb3c55\" data-element_type=\"column\">\n\t\t\t<div class=\"elementor-widget-wrap elementor-element-populated\">\n\t\t\t\t\t\t<div class=\"elementor-section elementor-inner-section elementor-element elementor-element-ca4cbb5 dsvy-bg-color-yes dsvy-elementor-bg-color-white elementor-section-content-middle elementor-hidden-desktop elementor-hidden-tablet elementor-hidden-phone dsvy-col-stretched-none dsvy-bg-color-over-image elementor-section-boxed elementor-section-height-default elementor-section-height-default\" data-id=\"ca4cbb5\" data-element_type=\"section\">\n\t\t\t\t\t\t<div class=\"elementor-container elementor-column-gap-no\">\n\t\t\t\t\t<div class=\"elementor-column elementor-col-50 elementor-inner-column elementor-element elementor-element-f4c6c42 dsvy-empty-div-height-1024 dsvy-bg-color-over-image\" data-id=\"f4c6c42\" data-element_type=\"column\" data-settings=\"{&quot;background_background&quot;:&quot;classic&quot;}\">\n\t\t\t<div class=\"elementor-widget-wrap\">\n\t\t\t\t\t\t\t<\/div>\n\t\t<\/div>\n\t\t\t\t<div class=\"elementor-column elementor-col-50 elementor-inner-column elementor-element elementor-element-79e6788 dsvy-bg-color-over-image\" data-id=\"79e6788\" data-element_type=\"column\">\n\t\t\t<div class=\"elementor-widget-wrap elementor-element-populated\">\n\t\t\t\t\t\t<div class=\"elementor-element elementor-element-1c3d452 dsvy-heaing-style-1 dsvy-align-left elementor-widget elementor-widget-dsvy_heading\" data-id=\"1c3d452\" data-element_type=\"widget\" data-widget_type=\"dsvy_heading.default\">\n\t\t\t\t<div class=\"elementor-widget-container\">\n\t\t\t\t\t\t<div class=\"dsvy-heading-subheading left-align dsvy-reverse-heading-yes\"><h4 class=\"dsvy-element-subtitle\">\n\t\t\t\n\t\t\t\tWhy Choose Us\n\n\t\t\t\n\t\t\t<\/h4>\n\t\t<h2 class=\"dsvy-element-title\">\n\t\t\t\n\t\t\t\tOur Expert Security\n\n\t\t\t\n\t\t\t<\/h2>\n\t\t<\/div>\t\t\t\t<\/div>\n\t\t\t\t<\/div>\n\t\t\t\t<div class=\"elementor-element elementor-element-9d7291f elementor-widget elementor-widget-text-editor\" data-id=\"9d7291f\" data-element_type=\"widget\" data-widget_type=\"text-editor.default\">\n\t\t\t\t<div class=\"elementor-widget-container\">\n\t\t\t\t\t\t\t\t\t<p>We offer to manage maintenance of your security systems. Expert are remote monitor with control to all staff security service.<\/p>\t\t\t\t\t\t\t\t<\/div>\n\t\t\t\t<\/div>\n\t\t\t\t<div class=\"elementor-element elementor-element-1431b32 elementor-widget elementor-widget-progress\" data-id=\"1431b32\" data-element_type=\"widget\" data-widget_type=\"progress.default\">\n\t\t\t\t<div class=\"elementor-widget-container\">\n\t\t\t\t\t\t\t\t<span class=\"elementor-title\" id=\"elementor-progress-bar-1431b32\">\n\t\t\t\tExperts\t\t\t<\/span>\n\t\t\n\t\t<div aria-labelledby=\"elementor-progress-bar-1431b32\" class=\"elementor-progress-wrapper\" role=\"progressbar\" aria-valuemin=\"0\" aria-valuemax=\"100\" aria-valuenow=\"70\">\n\t\t\t<div class=\"elementor-progress-bar\" data-max=\"70\">\n\t\t\t\t<span class=\"elementor-progress-text\"><\/span>\n\t\t\t\t\t\t\t\t\t<span class=\"elementor-progress-percentage\">70%<\/span>\n\t\t\t\t\t\t\t<\/div>\n\t\t<\/div>\n\t\t\t\t\t\t<\/div>\n\t\t\t\t<\/div>\n\t\t\t\t<div class=\"elementor-element elementor-element-817db61 elementor-widget elementor-widget-progress\" data-id=\"817db61\" data-element_type=\"widget\" data-widget_type=\"progress.default\">\n\t\t\t\t<div class=\"elementor-widget-container\">\n\t\t\t\t\t\t\t\t<span class=\"elementor-title\" id=\"elementor-progress-bar-817db61\">\n\t\t\t\tProjects\t\t\t<\/span>\n\t\t\n\t\t<div aria-labelledby=\"elementor-progress-bar-817db61\" class=\"elementor-progress-wrapper\" role=\"progressbar\" aria-valuemin=\"0\" aria-valuemax=\"100\" aria-valuenow=\"80\">\n\t\t\t<div class=\"elementor-progress-bar\" data-max=\"80\">\n\t\t\t\t<span class=\"elementor-progress-text\"><\/span>\n\t\t\t\t\t\t\t\t\t<span class=\"elementor-progress-percentage\">80%<\/span>\n\t\t\t\t\t\t\t<\/div>\n\t\t<\/div>\n\t\t\t\t\t\t<\/div>\n\t\t\t\t<\/div>\n\t\t\t\t<div class=\"elementor-element elementor-element-3e2b215 elementor-widget elementor-widget-progress\" data-id=\"3e2b215\" data-element_type=\"widget\" data-widget_type=\"progress.default\">\n\t\t\t\t<div class=\"elementor-widget-container\">\n\t\t\t\t\t\t\t\t<span class=\"elementor-title\" id=\"elementor-progress-bar-3e2b215\">\n\t\t\t\tSecurity\t\t\t<\/span>\n\t\t\n\t\t<div aria-labelledby=\"elementor-progress-bar-3e2b215\" class=\"elementor-progress-wrapper\" role=\"progressbar\" aria-valuemin=\"0\" aria-valuemax=\"100\" aria-valuenow=\"90\">\n\t\t\t<div class=\"elementor-progress-bar\" data-max=\"90\">\n\t\t\t\t<span class=\"elementor-progress-text\"><\/span>\n\t\t\t\t\t\t\t\t\t<span class=\"elementor-progress-percentage\">90%<\/span>\n\t\t\t\t\t\t\t<\/div>\n\t\t<\/div>\n\t\t\t\t\t\t<\/div>\n\t\t\t\t<\/div>\n\t\t\t\t\t<\/div>\n\t\t<\/div>\n\t\t\t\t\t<\/div>\n\t\t<\/div>\n\t\t\t\t\t<\/div>\n\t\t<\/div>\n\t\t\t\t\t<\/div>\n\t\t<\/section>\n\t\t\t\t<\/div>\n\t\t","protected":false},"excerpt":{"rendered":"<p>LIMCORP Central de Operaciones 24 horas Grupo Plus posee una Central de Operaciones que trabaja para sus clientes las 24hs durante los 365 d\u00edas del a\u00f1o. Bajo la modalidad de equipos de trabajo que act\u00faan en conjunto y a trav\u00e9s operadores responsables que asumen elliderazgo del servicio con el objetivo fundamental de satisfacer al cliente,brindando protecci\u00f3n, minimizando y anticip\u00e1ndose\u00a0 as\u00ed a los riesgos. Basados en Manuales de Procedimientos Protocolares como[&hellip;]<\/p>\n","protected":false},"author":1,"featured_media":0,"parent":0,"menu_order":4,"comment_status":"closed","ping_status":"closed","template":"","meta":{"_acf_changed":false,"footnotes":""},"class_list":["post-578","page","type-page","status-publish","hentry"],"acf":[],"_links":{"self":[{"href":"https:\/\/grupoplus.com.ar\/limcorp\/wp-json\/wp\/v2\/pages\/578","targetHints":{"allow":["GET"]}}],"collection":[{"href":"https:\/\/grupoplus.com.ar\/limcorp\/wp-json\/wp\/v2\/pages"}],"about":[{"href":"https:\/\/grupoplus.com.ar\/limcorp\/wp-json\/wp\/v2\/types\/page"}],"author":[{"embeddable":true,"href":"https:\/\/grupoplus.com.ar\/limcorp\/wp-json\/wp\/v2\/users\/1"}],"replies":[{"embeddable":true,"href":"https:\/\/grupoplus.com.ar\/limcorp\/wp-json\/wp\/v2\/comments?post=578"}],"version-history":[{"count":7,"href":"https:\/\/grupoplus.com.ar\/limcorp\/wp-json\/wp\/v2\/pages\/578\/revisions"}],"predecessor-version":[{"id":589,"href":"https:\/\/grupoplus.com.ar\/limcorp\/wp-json\/wp\/v2\/pages\/578\/revisions\/589"}],"wp:attachment":[{"href":"https:\/\/grupoplus.com.ar\/limcorp\/wp-json\/wp\/v2\/media?parent=578"}],"curies":[{"name":"wp","href":"https:\/\/api.w.org\/{rel}","templated":true}]}}